{"id":83,"date":"2023-08-16T15:03:00","date_gmt":"2023-08-16T15:03:00","guid":{"rendered":"https:\/\/vollkontakt.digital\/?page_id=83"},"modified":"2023-09-18T12:28:55","modified_gmt":"2023-09-18T12:28:55","slug":"ausbildung","status":"publish","type":"page","link":"https:\/\/vollkontakt.digital\/?page_id=83","title":{"rendered":"Ausbildung"},"content":{"rendered":"\n<h2 class=\"wp-block-heading\">Zertifizierungen &amp; Fortbildungen<\/h2>\n\n\n\n<div class=\"wp-block-columns is-layout-flex wp-container-core-columns-layout-1 wp-block-columns-is-layout-flex\">\n<div class=\"wp-block-column is-layout-flow wp-block-column-is-layout-flow\" style=\"flex-basis:33.33%\">\n<p>2023<\/p>\n<\/div>\n\n\n\n<div class=\"wp-block-column is-layout-flow wp-block-column-is-layout-flow\" style=\"flex-basis:66.66%\">\n<p><em>Zertifikat: <\/em>AWS Certified Cloud Practitioner (CLF)<\/p>\n<\/div>\n<\/div>\n\n\n\n<div class=\"wp-block-columns is-layout-flex wp-container-core-columns-layout-2 wp-block-columns-is-layout-flex\">\n<div class=\"wp-block-column is-layout-flow wp-block-column-is-layout-flow\" style=\"flex-basis:33.33%\">\n<p>2022<\/p>\n<\/div>\n\n\n\n<div class=\"wp-block-column is-layout-flow wp-block-column-is-layout-flow\" style=\"flex-basis:66.66%\">\n<p><em>Zertifikat<\/em>: IREB Foundation Level (CPRE-F)<\/p>\n\n\n\n<p><em>Zertifikat<\/em>: UXQB Foundation Level (CPUX-F)<\/p>\n\n\n\n<p><em>Zertifikat<\/em>: UXQB Design System (CPUX-DS)<\/p>\n\n\n\n<p>F\u00fchrungskr\u00e4ftecoaching<\/p>\n<\/div>\n<\/div>\n\n\n\n<div class=\"wp-block-columns is-layout-flex wp-container-core-columns-layout-3 wp-block-columns-is-layout-flex\">\n<div class=\"wp-block-column is-layout-flow wp-block-column-is-layout-flow\" style=\"flex-basis:33.33%\">\n<p>2020<\/p>\n<\/div>\n\n\n\n<div class=\"wp-block-column is-layout-flow wp-block-column-is-layout-flow\" style=\"flex-basis:66.66%\">\n<p><em>Zertifikat<\/em>: Scrum.org: Professional Scrum with UX I (PSU I)<\/p>\n<\/div>\n<\/div>\n\n\n\n<div class=\"wp-block-columns is-layout-flex wp-container-core-columns-layout-4 wp-block-columns-is-layout-flex\">\n<div class=\"wp-block-column is-layout-flow wp-block-column-is-layout-flow\" style=\"flex-basis:33.33%\">\n<p>2019<\/p>\n<\/div>\n\n\n\n<div class=\"wp-block-column is-layout-flow wp-block-column-is-layout-flow\" style=\"flex-basis:66.66%\">\n<p><em><em>Zertifikat<\/em>: <\/em>Certified SAFe 4 Program Consultant (g\u00fcltig bis 2022)<\/p>\n\n\n\n<p>MongoDB Basics<\/p>\n<\/div>\n<\/div>\n\n\n\n<div class=\"wp-block-columns is-layout-flex wp-container-core-columns-layout-5 wp-block-columns-is-layout-flex\">\n<div class=\"wp-block-column is-layout-flow wp-block-column-is-layout-flow\" style=\"flex-basis:33.33%\">\n<p>2018<\/p>\n<\/div>\n\n\n\n<div class=\"wp-block-column is-layout-flow wp-block-column-is-layout-flow\" style=\"flex-basis:66.66%\">\n<p><em>Zertifikat<\/em>: Scrum.org: Scaled Professional Scrum (SPS)<\/p>\n\n\n\n<p>Schulung: \u201c\u00dcberzeugungskraft und Durchsetzungsverm\u00f6gen f\u00fcr Consultants\u201c<\/p>\n<\/div>\n<\/div>\n\n\n\n<div class=\"wp-block-columns is-layout-flex wp-container-core-columns-layout-6 wp-block-columns-is-layout-flex\">\n<div class=\"wp-block-column is-layout-flow wp-block-column-is-layout-flow\" style=\"flex-basis:33.33%\">\n<p>2017<\/p>\n<\/div>\n\n\n\n<div class=\"wp-block-column is-layout-flow wp-block-column-is-layout-flow\" style=\"flex-basis:66.66%\">\n<p><em>Zertifikat<\/em>: Scrum.org: Professional Scrum Master II (PSM II)<\/p>\n<\/div>\n<\/div>\n\n\n\n<div class=\"wp-block-columns is-layout-flex wp-container-core-columns-layout-7 wp-block-columns-is-layout-flex\">\n<div class=\"wp-block-column is-layout-flow wp-block-column-is-layout-flow\" style=\"flex-basis:33.33%\">\n<p>2016<\/p>\n<\/div>\n\n\n\n<div class=\"wp-block-column is-layout-flow wp-block-column-is-layout-flow\" style=\"flex-basis:66.66%\">\n<p><em>Zertifikat<\/em>: OMG-Certified Expert in BPM 2 &#8211; Fundamental<\/p>\n<\/div>\n<\/div>\n\n\n\n<div class=\"wp-block-columns is-layout-flex wp-container-core-columns-layout-8 wp-block-columns-is-layout-flex\">\n<div class=\"wp-block-column is-layout-flow wp-block-column-is-layout-flow\" style=\"flex-basis:33.33%\">\n<p>2015<\/p>\n<\/div>\n\n\n\n<div class=\"wp-block-column is-layout-flow wp-block-column-is-layout-flow\" style=\"flex-basis:66.66%\">\n<p><em>Zertifikat<\/em>: Scrum.org: Professional Scrum Master I (PSM I)<\/p>\n\n\n\n<p><em>Zertifikat<\/em>: Scrum.org: Professional Scrum Product Owner (PSPO I)<\/p>\n<\/div>\n<\/div>\n\n\n\n<div class=\"wp-block-columns is-layout-flex wp-container-core-columns-layout-9 wp-block-columns-is-layout-flex\">\n<div class=\"wp-block-column is-layout-flow wp-block-column-is-layout-flow\" style=\"flex-basis:33.33%\">\n<p>vor 2015<\/p>\n\n\n\n<p><\/p>\n<\/div>\n\n\n\n<div class=\"wp-block-column is-layout-flow wp-block-column-is-layout-flow\" style=\"flex-basis:66.66%\">\n<p>Soft-Skills: Profit vom Konflikt: Grundlagen Konfliktmanagement<\/p>\n\n\n\n<p>Soft-Skills: Moderation \u2013 Meetings und Besprechungen effizient moderieren<\/p>\n\n\n\n<p><em>Zertifikat<\/em>: Zertifizierter Projektmanagement-Fachmann (GPM IPMA Level D) (g\u00fcltig bis 2016)<\/p>\n\n\n\n<p><em>Zertifikat<\/em>: ISTQB Certified Tester Foundation Level<\/p>\n<\/div>\n<\/div>\n\n\n\n<hr class=\"wp-block-separator has-alpha-channel-opacity is-style-dots\"\/>\n\n\n\n<h2 class=\"wp-block-heading\">Berufst\u00e4tigkeit<\/h2>\n\n\n\n<div class=\"wp-block-columns is-layout-flex wp-container-core-columns-layout-10 wp-block-columns-is-layout-flex\">\n<div class=\"wp-block-column is-layout-flow wp-block-column-is-layout-flow\" style=\"flex-basis:33.33%\">\n<p>01\/2015 \u2013 08\/2023<\/p>\n<\/div>\n\n\n\n<div class=\"wp-block-column is-layout-flow wp-block-column-is-layout-flow\" style=\"flex-basis:66.66%\">\n<p><em>Ventum Consulting: &nbsp;<\/em>Principal User Experience &amp; Software Design<\/p>\n<\/div>\n<\/div>\n\n\n\n<div class=\"wp-block-columns is-layout-flex wp-container-core-columns-layout-11 wp-block-columns-is-layout-flex\">\n<div class=\"wp-block-column is-layout-flow wp-block-column-is-layout-flow\" style=\"flex-basis:33.33%\">\n<p>07\/2010 \u2013 12\/2014<\/p>\n<\/div>\n\n\n\n<div class=\"wp-block-column is-layout-flow wp-block-column-is-layout-flow\" style=\"flex-basis:66.66%\">\n<p><em><em>MSG System AG: &nbsp;&nbsp;&nbsp;&nbsp;&nbsp;&nbsp;<\/em><\/em>Senior Business Consultant<\/p>\n<\/div>\n<\/div>\n\n\n\n<div class=\"wp-block-columns is-layout-flex wp-container-core-columns-layout-12 wp-block-columns-is-layout-flex\">\n<div class=\"wp-block-column is-layout-flow wp-block-column-is-layout-flow\" style=\"flex-basis:33.33%\">\n<p>07\/2007 \u2013 06\/2010<\/p>\n<\/div>\n\n\n\n<div class=\"wp-block-column is-layout-flow wp-block-column-is-layout-flow\" style=\"flex-basis:66.66%\">\n<p><em><em>sd&amp;m \/ Capgemini: &nbsp;<\/em><\/em>Senior Software Ingenieur<\/p>\n<\/div>\n<\/div>\n\n\n\n<hr class=\"wp-block-separator has-alpha-channel-opacity is-style-dots\"\/>\n\n\n\n<h2 class=\"wp-block-heading\">Studium<\/h2>\n\n\n\n<div class=\"wp-block-columns is-layout-flex wp-container-core-columns-layout-13 wp-block-columns-is-layout-flex\">\n<div class=\"wp-block-column is-layout-flow wp-block-column-is-layout-flow\" style=\"flex-basis:33.33%\">\n<p>2005 &#8211; 2007<\/p>\n<\/div>\n\n\n\n<div class=\"wp-block-column is-layout-flow wp-block-column-is-layout-flow\" style=\"flex-basis:66.66%\">\n<p><em>TU M\u00fcnchen:<\/em> Master of Science Wirtschaftsinformatik<\/p>\n<\/div>\n<\/div>\n\n\n\n<div class=\"wp-block-columns is-layout-flex wp-container-core-columns-layout-14 wp-block-columns-is-layout-flex\">\n<div class=\"wp-block-column is-layout-flow wp-block-column-is-layout-flow\" style=\"flex-basis:33.33%\">\n<p>2002 &#8211; 2005<\/p>\n<\/div>\n\n\n\n<div class=\"wp-block-column is-layout-flow wp-block-column-is-layout-flow\" style=\"flex-basis:66.66%\">\n<p><em>FH Ingolstadt:<\/em> Bachelor of Business Information Systems als Stipendiat der Siemens AG<\/p>\n<\/div>\n<\/div>\n\n\n\n<hr class=\"wp-block-separator has-alpha-channel-opacity is-style-dots\"\/>\n\n\n\n<h2 class=\"wp-block-heading\">Sprachen<\/h2>\n\n\n\n<p><em>Englisch<\/em>: Verhandlungssicher<\/p>\n\n\n\n<p><em>Franz\u00f6sisch<\/em>: Grundlagen<\/p>\n","protected":false},"excerpt":{"rendered":"<p>Zertifizierungen &amp; Fortbildungen 2023 Zertifikat: AWS Certified Cloud Practitioner (CLF) 2022 Zertifikat: IREB Foundation Level (CPRE-F) Zertifikat: UXQB Foundation Level (CPUX-F) Zertifikat: UXQB Design System (CPUX-DS) F\u00fchrungskr\u00e4ftecoaching 2020 Zertifikat: Scrum.org: [&hellip;]<\/p>\n","protected":false},"author":1,"featured_media":0,"parent":0,"menu_order":0,"comment_status":"closed","ping_status":"closed","template":"","meta":{"footnotes":""},"_links":{"self":[{"href":"https:\/\/vollkontakt.digital\/index.php?rest_route=\/wp\/v2\/pages\/83"}],"collection":[{"href":"https:\/\/vollkontakt.digital\/index.php?rest_route=\/wp\/v2\/pages"}],"about":[{"href":"https:\/\/vollkontakt.digital\/index.php?rest_route=\/wp\/v2\/types\/page"}],"author":[{"embeddable":true,"href":"https:\/\/vollkontakt.digital\/index.php?rest_route=\/wp\/v2\/users\/1"}],"replies":[{"embeddable":true,"href":"https:\/\/vollkontakt.digital\/index.php?rest_route=%2Fwp%2Fv2%2Fcomments&post=83"}],"version-history":[{"count":4,"href":"https:\/\/vollkontakt.digital\/index.php?rest_route=\/wp\/v2\/pages\/83\/revisions"}],"predecessor-version":[{"id":218,"href":"https:\/\/vollkontakt.digital\/index.php?rest_route=\/wp\/v2\/pages\/83\/revisions\/218"}],"wp:attachment":[{"href":"https:\/\/vollkontakt.digital\/index.php?rest_route=%2Fwp%2Fv2%2Fmedia&parent=83"}],"curies":[{"name":"wp","href":"https:\/\/api.w.org\/{rel}","templated":true}]}}