{"id":4,"date":"2023-08-05T09:17:16","date_gmt":"2023-08-05T09:17:16","guid":{"rendered":"https:\/\/vollkontakt.digital\/?page_id=4"},"modified":"2025-01-24T08:26:32","modified_gmt":"2025-01-24T08:26:32","slug":"willkommen-auf-https-vollkontakt-digital","status":"publish","type":"page","link":"https:\/\/vollkontakt.digital\/","title":{"rendered":"Willkommen bei Vollkontakt.Digital"},"content":{"rendered":"\n<hr class=\"wp-block-separator has-alpha-channel-opacity\"\/>\n\n\n\n<h2 class=\"wp-block-heading has-text-align-center\"><mark style=\"background-color:rgba(0, 0, 0, 0);color:#25c6e3\" class=\"has-inline-color\">Keine Zeit? Direkt zu<\/mark><\/h2>\n\n\n\n<div class=\"wp-block-columns is-layout-flex wp-container-core-columns-layout-1 wp-block-columns-is-layout-flex\">\n<div class=\"wp-block-column is-vertically-aligned-top is-layout-flow wp-block-column-is-layout-flow\">\n<h3 class=\"wp-block-heading has-text-align-center\"><a href=\"https:\/\/vollkontakt.digital\/?page_id=108\" data-type=\"URL\" data-id=\"https:\/\/vollkontakt.digital\/?page_id=108\"><mark style=\"background-color:rgba(0, 0, 0, 0);color:#25c6e3\" class=\"has-inline-color\">Mein Portfolio<\/mark><\/a><\/h3>\n<\/div>\n\n\n\n<div class=\"wp-block-column is-layout-flow wp-block-column-is-layout-flow\">\n<h3 class=\"wp-block-heading has-text-align-center\"><mark style=\"background-color:rgba(0, 0, 0, 0);color:#25c6e3\" class=\"has-inline-color\">Meinen Profilen<\/mark><\/h3>\n\n\n\n<ul class=\"wp-block-social-links is-content-justification-center is-layout-flex wp-container-core-social-links-layout-1 wp-block-social-links-is-layout-flex\"><li class=\"wp-social-link wp-social-link-linkedin  wp-block-social-link\"><a href=\"https:\/\/www.linkedin.com\/in\/matthias-m%C3%BCller-297479181\/\" class=\"wp-block-social-link-anchor\"><svg width=\"24\" height=\"24\" viewBox=\"0 0 24 24\" version=\"1.1\" xmlns=\"http:\/\/www.w3.org\/2000\/svg\" aria-hidden=\"true\" focusable=\"false\"><path d=\"M19.7,3H4.3C3.582,3,3,3.582,3,4.3v15.4C3,20.418,3.582,21,4.3,21h15.4c0.718,0,1.3-0.582,1.3-1.3V4.3 C21,3.582,20.418,3,19.7,3z M8.339,18.338H5.667v-8.59h2.672V18.338z M7.004,8.574c-0.857,0-1.549-0.694-1.549-1.548 c0-0.855,0.691-1.548,1.549-1.548c0.854,0,1.547,0.694,1.547,1.548C8.551,7.881,7.858,8.574,7.004,8.574z M18.339,18.338h-2.669 v-4.177c0-0.996-0.017-2.278-1.387-2.278c-1.389,0-1.601,1.086-1.601,2.206v4.249h-2.667v-8.59h2.559v1.174h0.037 c0.356-0.675,1.227-1.387,2.526-1.387c2.703,0,3.203,1.779,3.203,4.092V18.338z\"><\/path><\/svg><span class=\"wp-block-social-link-label screen-reader-text\">LinkedIn<\/span><\/a><\/li>\n\n<li class=\"wp-social-link wp-social-link-chain  wp-block-social-link\"><a href=\"https:\/\/www.malt.de\/profile\/matthiasmuller\" class=\"wp-block-social-link-anchor\"><svg width=\"24\" height=\"24\" viewBox=\"0 0 24 24\" version=\"1.1\" xmlns=\"http:\/\/www.w3.org\/2000\/svg\" aria-hidden=\"true\" focusable=\"false\"><path d=\"M15.6,7.2H14v1.5h1.6c2,0,3.7,1.7,3.7,3.7s-1.7,3.7-3.7,3.7H14v1.5h1.6c2.8,0,5.2-2.3,5.2-5.2,0-2.9-2.3-5.2-5.2-5.2zM4.7,12.4c0-2,1.7-3.7,3.7-3.7H10V7.2H8.4c-2.9,0-5.2,2.3-5.2,5.2,0,2.9,2.3,5.2,5.2,5.2H10v-1.5H8.4c-2,0-3.7-1.7-3.7-3.7zm4.6.9h5.3v-1.5H9.3v1.5z\"><\/path><\/svg><span class=\"wp-block-social-link-label screen-reader-text\">Link<\/span><\/a><\/li>\n\n<li class=\"wp-social-link wp-social-link-chain  wp-block-social-link\"><a href=\"https:\/\/www.freelance.de\/Freelancer\/267548-Requirements-Engineering-UX-Design-Agile-Coaching\" class=\"wp-block-social-link-anchor\"><svg width=\"24\" height=\"24\" viewBox=\"0 0 24 24\" version=\"1.1\" xmlns=\"http:\/\/www.w3.org\/2000\/svg\" aria-hidden=\"true\" focusable=\"false\"><path d=\"M15.6,7.2H14v1.5h1.6c2,0,3.7,1.7,3.7,3.7s-1.7,3.7-3.7,3.7H14v1.5h1.6c2.8,0,5.2-2.3,5.2-5.2,0-2.9-2.3-5.2-5.2-5.2zM4.7,12.4c0-2,1.7-3.7,3.7-3.7H10V7.2H8.4c-2.9,0-5.2,2.3-5.2,5.2,0,2.9,2.3,5.2,5.2,5.2H10v-1.5H8.4c-2,0-3.7-1.7-3.7-3.7zm4.6.9h5.3v-1.5H9.3v1.5z\"><\/path><\/svg><span class=\"wp-block-social-link-label screen-reader-text\">Link<\/span><\/a><\/li><\/ul>\n<\/div>\n<\/div>\n\n\n\n<hr class=\"wp-block-separator has-alpha-channel-opacity\"\/>\n\n\n\n<div class=\"wp-block-columns is-layout-flex wp-container-core-columns-layout-2 wp-block-columns-is-layout-flex\">\n<div class=\"wp-block-column is-layout-flow wp-block-column-is-layout-flow\" style=\"flex-basis:66.66%\">\n<blockquote class=\"wp-block-quote\">\n<p>Als&nbsp;<strong>Kontaktsport<\/strong>&nbsp;werden Sportarten bezeichnet, bei denen die Spieler mehr oder weniger starken Kontakt untereinander haben. Der Begriff wird in verschiedenen Sportarten und in der Medizin unterschiedlich verwendet. Je nach Intensivit\u00e4t des Kontakts werden&nbsp;<em>Vollkontakt<\/em>,&nbsp;<em>Leichtkontakt<\/em>&nbsp;und&nbsp;<em>Nullkontakt<\/em>&nbsp;unterschieden, in manchen Sportarten auch&nbsp;<em>Semikontakt<\/em>.<br>&#8230;<br>Auch manche Sportarten, die nicht zu den Kampfsportarten gez\u00e4hlt werden, werden als&nbsp;<em>Vollkontaktsportart<\/em>&nbsp;bezeichnet. Das gilt vor allem f\u00fcr solche, bei denen es regelgerecht ist, den Gegner durch Anrempeln oder \u00e4hnliche Techniken zu behindern oder zu Fall zu bringen, wie zum Beispiel das&nbsp;<a href=\"https:\/\/de.wikipedia.org\/wiki\/Tackle_(American_Football)\">Tackle<\/a>&nbsp;im&nbsp;<a href=\"https:\/\/de.wikipedia.org\/wiki\/American_Football\">American Football<\/a>&nbsp;oder das&nbsp;<a href=\"https:\/\/de.wikipedia.org\/wiki\/Tiefhalten_(Rugby)\">Tiefhalten<\/a>&nbsp;im&nbsp;<a href=\"https:\/\/de.wikipedia.org\/wiki\/Rugby\">Rugby<\/a>.&nbsp;<\/p>\n<cite><a href=\"https:\/\/de.wikipedia.org\/wiki\/Kontaktsport\">Kontaktsport \u2013 Wikipedia<\/a><\/cite><\/blockquote>\n<\/div>\n\n\n\n<div class=\"wp-block-column is-layout-flow wp-block-column-is-layout-flow\" style=\"flex-basis:33.33%\">\n<figure class=\"wp-block-image size-large\"><a href=\"https:\/\/www.instagram.com\/fotomatze\/\"><img loading=\"lazy\" decoding=\"async\" width=\"1024\" height=\"681\" src=\"https:\/\/vollkontakt.digital\/wp-content\/uploads\/2023\/08\/RCU_Scrum_2-1024x681.jpg\" alt=\"\" class=\"wp-image-96\" srcset=\"https:\/\/vollkontakt.digital\/wp-content\/uploads\/2023\/08\/RCU_Scrum_2-1024x681.jpg 1024w, https:\/\/vollkontakt.digital\/wp-content\/uploads\/2023\/08\/RCU_Scrum_2-300x200.jpg 300w, https:\/\/vollkontakt.digital\/wp-content\/uploads\/2023\/08\/RCU_Scrum_2-768x511.jpg 768w, https:\/\/vollkontakt.digital\/wp-content\/uploads\/2023\/08\/RCU_Scrum_2-1536x1022.jpg 1536w, https:\/\/vollkontakt.digital\/wp-content\/uploads\/2023\/08\/RCU_Scrum_2-2048x1363.jpg 2048w\" sizes=\"(max-width: 1024px) 100vw, 1024px\" \/><\/a><figcaption class=\"wp-element-caption\">Rugby Scrum ( <a href=\"https:\/\/www.instagram.com\/fotomatze\/)\">(c) Sascha Hechen<\/a> )<\/figcaption><\/figure>\n<\/div>\n<\/div>\n\n\n\n<hr class=\"wp-block-separator has-alpha-channel-opacity is-style-dots\"\/>\n\n\n\n<p>Sicherlich eine ungew\u00f6hnliche Einleitung f\u00fcr meine Homepage als <strong>IT-Berater mit den Schwerpunkten Anforderungsanalyse, UX-Design, Agile Coaching und Projektmanagement<\/strong>. Doch Rugby hat mich zu meinem Firmennamen inspiriert, die dort gelebten Werte Teamgeist, Fairness, Agilit\u00e4t, Offenheit und Kommunikation sind f\u00fcr mich grundlegende Faktoren f\u00fcr eine erfolgreiche Zusammen- und Projekt- bzw. Produktarbeit.<\/p>\n\n\n\n<figure class=\"wp-block-pullquote\"><blockquote><p><strong>Beratung ist in meinen Augen ein Vollkontakt-Teamsport.<\/strong><\/p><\/blockquote><\/figure>\n\n\n\n<p>Gerade das Wortspiel <strong>Vollkontakt &#8211; im vollen Kontakt sein<\/strong> &#8211; ist f\u00fcr mich Sinnbild moderner Anforderungsarbeit. Nur wenn wir mit unseren Anwender und Stakeholdern auf Tuchf\u00fchlung gehen, deren Bed\u00fcrfnisse verstehen und zum Ziel unserer Arbeit machen, k\u00f6nnen wir die Digitalisierung erfolgreich umsetzen.<\/p>\n\n\n\n<p>Seit mehr als 15 Jahren berate ich namhafte Kunden (Schwerpunkt Automotive Sektor) in den Bereichen UX-zentrierte Systemgestaltung, Prozessberatung, Enterprise Architecture Management und agile Methoden, sowohl im Kontext Indiviualsoftware als auch Standardsoftware. Gemeinsam mit meinen Teams konnte ich dabei zahlreiche <a href=\"https:\/\/vollkontakt.digital\/?page_id=108\" data-type=\"page\" data-id=\"108\">Projekte<\/a> erfolgreich gestalten &#8211; und m\u00f6chte dies in eurem Team fortsetzen. <\/p>\n\n\n\n<h3 class=\"wp-block-heading\">Was bringe ich in euer Team ein?<\/h3>\n\n\n\n<ul>\n<li>Ich bin <strong>Teamspieler <\/strong>mit langj\u00e4hriger F\u00fchrungserfahrung<\/li>\n\n\n\n<li><strong>Generalist <\/strong>mit <strong>hoher Methodenkompetenz<\/strong> im <a href=\"https:\/\/vollkontakt.digital\/?page_id=83\" data-type=\"page\" data-id=\"83\">UX-Design, Requirements Engineering, Agilen Methoden und Projektmanagement<\/a><\/li>\n\n\n\n<li>Eine <strong>schnelle Auffassungsgabe, hohes Abstraktionsverm\u00f6gen<\/strong> und <strong>starkes Durchsetzungsverm\u00f6gen<\/strong><\/li>\n\n\n\n<li>Langj\u00e4hrige Brachenerfahrung in der Automobilindustrie<\/li>\n<\/ul>\n\n\n\n<hr class=\"wp-block-separator has-alpha-channel-opacity\"\/>\n\n\n\n<div class=\"wp-block-columns is-layout-flex wp-container-core-columns-layout-3 wp-block-columns-is-layout-flex\">\n<div class=\"wp-block-column is-layout-flow wp-block-column-is-layout-flow\">\n<p>Und nun freue ich mich, wenn du mit mir in Kontakt trittst:<\/p>\n<\/div>\n\n\n\n<div class=\"wp-block-column is-layout-flow wp-block-column-is-layout-flow\">\n<figure class=\"wp-block-image size-full\"><img loading=\"lazy\" decoding=\"async\" width=\"500\" height=\"500\" src=\"https:\/\/vollkontakt.digital\/wp-content\/uploads\/2023\/08\/2021_L_MatthiasM_klein.png\" alt=\"\" class=\"wp-image-52\" srcset=\"https:\/\/vollkontakt.digital\/wp-content\/uploads\/2023\/08\/2021_L_MatthiasM_klein.png 500w, https:\/\/vollkontakt.digital\/wp-content\/uploads\/2023\/08\/2021_L_MatthiasM_klein-300x300.png 300w, https:\/\/vollkontakt.digital\/wp-content\/uploads\/2023\/08\/2021_L_MatthiasM_klein-150x150.png 150w\" sizes=\"(max-width: 500px) 100vw, 500px\" \/><\/figure>\n\n\n\n<p>Mail: <a href=\"mailto:matthias@vollkontakt.digital\">matthias@vollkontakt.digital<\/a><\/p>\n\n\n\n<p>Tel.: +49 151 42 60 90 98<\/p>\n<\/div>\n<\/div>\n","protected":false},"excerpt":{"rendered":"<p>Keine Zeit? Direkt zu Mein Portfolio Meinen Profilen Als&nbsp;Kontaktsport&nbsp;werden Sportarten bezeichnet, bei denen die Spieler mehr oder weniger starken Kontakt untereinander haben. Der Begriff wird in verschiedenen Sportarten und in [&hellip;]<\/p>\n","protected":false},"author":1,"featured_media":0,"parent":0,"menu_order":0,"comment_status":"closed","ping_status":"open","template":"","meta":{"footnotes":""},"_links":{"self":[{"href":"https:\/\/vollkontakt.digital\/index.php?rest_route=\/wp\/v2\/pages\/4"}],"collection":[{"href":"https:\/\/vollkontakt.digital\/index.php?rest_route=\/wp\/v2\/pages"}],"about":[{"href":"https:\/\/vollkontakt.digital\/index.php?rest_route=\/wp\/v2\/types\/page"}],"author":[{"embeddable":true,"href":"https:\/\/vollkontakt.digital\/index.php?rest_route=\/wp\/v2\/users\/1"}],"replies":[{"embeddable":true,"href":"https:\/\/vollkontakt.digital\/index.php?rest_route=%2Fwp%2Fv2%2Fcomments&post=4"}],"version-history":[{"count":30,"href":"https:\/\/vollkontakt.digital\/index.php?rest_route=\/wp\/v2\/pages\/4\/revisions"}],"predecessor-version":[{"id":252,"href":"https:\/\/vollkontakt.digital\/index.php?rest_route=\/wp\/v2\/pages\/4\/revisions\/252"}],"wp:attachment":[{"href":"https:\/\/vollkontakt.digital\/index.php?rest_route=%2Fwp%2Fv2%2Fmedia&parent=4"}],"curies":[{"name":"wp","href":"https:\/\/api.w.org\/{rel}","templated":true}]}}