{"id":24,"date":"2023-08-05T09:47:43","date_gmt":"2023-08-05T09:47:43","guid":{"rendered":"https:\/\/vollkontakt.digital\/?page_id=24"},"modified":"2023-09-18T10:58:33","modified_gmt":"2023-09-18T10:58:33","slug":"werte","status":"publish","type":"page","link":"https:\/\/vollkontakt.digital\/?page_id=24","title":{"rendered":"Werte"},"content":{"rendered":"\n<p>Mit den Gesch\u00e4ftspartnern auf Augenh\u00f6he: Vollkontakt.Digital zielt auf langfristige, vertrauensvolle und stabile Kundenbeziehungen. Dies kann nur gelingen, wenn sich beide Seiten fair behandelt f\u00fchlen.<\/p>\n\n\n\n<p>Deshalb leben ich in meinen Projekten die folgenden Werte:<\/p>\n\n\n\n<div style=\"height:50px\" aria-hidden=\"true\" class=\"wp-block-spacer\"><\/div>\n\n\n\n<div class=\"wp-block-columns is-layout-flex wp-container-core-columns-layout-1 wp-block-columns-is-layout-flex\">\n<div class=\"wp-block-column is-layout-flow wp-block-column-is-layout-flow\" style=\"flex-basis:33.33%\">\n<div class=\"wp-block-media-text is-stacked-on-mobile\" style=\"grid-template-columns:34% auto\"><figure class=\"wp-block-media-text__media\"><img loading=\"lazy\" decoding=\"async\" width=\"605\" height=\"330\" src=\"https:\/\/vollkontakt.digital\/wp-content\/uploads\/2023\/09\/Respekt.png\" alt=\"Respekt\" class=\"wp-image-142 size-full\" srcset=\"https:\/\/vollkontakt.digital\/wp-content\/uploads\/2023\/09\/Respekt.png 605w, https:\/\/vollkontakt.digital\/wp-content\/uploads\/2023\/09\/Respekt-300x164.png 300w\" sizes=\"(max-width: 605px) 100vw, 605px\" \/><\/figure><div class=\"wp-block-media-text__content\">\n<h3 class=\"wp-block-heading has-text-align-center\">Respekt<\/h3>\n<\/div><\/div>\n<\/div>\n\n\n\n<div class=\"wp-block-column is-layout-flow wp-block-column-is-layout-flow\" style=\"flex-basis:66.66%\">\n<p>Die Zusammenarbeit basiert auf gegenseitigem Respekt. Ich geht stehts davon aus, dass alle am Projekt Beteiligten ihre bestm\u00f6gliche Leistung eingebracht haben.<\/p>\n<\/div>\n<\/div>\n\n\n\n<hr class=\"wp-block-separator has-alpha-channel-opacity is-style-dots\"\/>\n\n\n\n<div class=\"wp-block-columns is-layout-flex wp-container-core-columns-layout-2 wp-block-columns-is-layout-flex\">\n<div class=\"wp-block-column is-layout-flow wp-block-column-is-layout-flow\" style=\"flex-basis:33.33%\">\n<div class=\"wp-block-media-text is-stacked-on-mobile\" style=\"grid-template-columns:35% auto\"><figure class=\"wp-block-media-text__media\"><img loading=\"lazy\" decoding=\"async\" width=\"96\" height=\"96\" src=\"https:\/\/vollkontakt.digital\/wp-content\/uploads\/2023\/09\/Einsatz.png\" alt=\"Einsatz\" class=\"wp-image-139 size-full\"\/><\/figure><div class=\"wp-block-media-text__content\">\n<h3 class=\"wp-block-heading has-text-align-center\">Einsatz<\/h3>\n<\/div><\/div>\n<\/div>\n\n\n\n<div class=\"wp-block-column is-layout-flow wp-block-column-is-layout-flow\" style=\"flex-basis:66.66%\">\n<p>Ich verpflichte mich, mein Wissen und meine F\u00e4higkeiten vollumf\u00e4nglich in die Arbeit einzubringen und durch ein pragmatisches und zielgerichtetes Vorgehen das Projekt voranzutreiben. Dabei schaue ich \u00fcber den Tellerrand und er\u00f6ffne dadurch weitere Handlungsoptionen.<\/p>\n<\/div>\n<\/div>\n\n\n\n<hr class=\"wp-block-separator has-alpha-channel-opacity is-style-dots\"\/>\n\n\n\n<div class=\"wp-block-columns is-layout-flex wp-container-core-columns-layout-3 wp-block-columns-is-layout-flex\">\n<div class=\"wp-block-column is-layout-flow wp-block-column-is-layout-flow\" style=\"flex-basis:33.33%\">\n<div class=\"wp-block-media-text is-stacked-on-mobile\" style=\"grid-template-columns:35% auto\"><figure class=\"wp-block-media-text__media\"><img loading=\"lazy\" decoding=\"async\" width=\"96\" height=\"96\" src=\"https:\/\/vollkontakt.digital\/wp-content\/uploads\/2023\/09\/Offenheit.png\" alt=\"Offenheit &amp; Transparenz\" class=\"wp-image-141 size-full\"\/><\/figure><div class=\"wp-block-media-text__content\">\n<h3 class=\"wp-block-heading has-text-align-center\">Transparenz <br>&amp; <br>Offenheit<\/h3>\n<\/div><\/div>\n<\/div>\n\n\n\n<div class=\"wp-block-column is-layout-flow wp-block-column-is-layout-flow\" style=\"flex-basis:66.66%\">\n<p>Angebote und Leistungsbeschreibungen werden transparent und verst\u00e4ndlich gestellt. Die Annahmen sowie die darauf basierende Kostenrechnung ist f\u00fcr den Kunden jederzeit nachvollziehbar und einsehbar.<\/p>\n<\/div>\n<\/div>\n\n\n\n<hr class=\"wp-block-separator has-alpha-channel-opacity is-style-dots\"\/>\n\n\n\n<div class=\"wp-block-columns is-layout-flex wp-container-core-columns-layout-4 wp-block-columns-is-layout-flex\">\n<div class=\"wp-block-column is-layout-flow wp-block-column-is-layout-flow\" style=\"flex-basis:33.33%\">\n<div class=\"wp-block-media-text is-stacked-on-mobile\" style=\"grid-template-columns:35% auto\"><figure class=\"wp-block-media-text__media\"><img loading=\"lazy\" decoding=\"async\" width=\"96\" height=\"96\" src=\"https:\/\/vollkontakt.digital\/wp-content\/uploads\/2023\/09\/fokus.png\" alt=\"Fokus\" class=\"wp-image-143 size-full\"\/><\/figure><div class=\"wp-block-media-text__content\">\n<h3 class=\"wp-block-heading has-text-align-center\">Fokus<\/h3>\n<\/div><\/div>\n<\/div>\n\n\n\n<div class=\"wp-block-column is-layout-flow wp-block-column-is-layout-flow\" style=\"flex-basis:66.66%\">\n<p>Ich konzentriere mich nach M\u00f6glichkeit auf ein Projekt und vermeiden die parallele Arbeit an verschiedenen Projekten \/ Auftr\u00e4gen.<\/p>\n<\/div>\n<\/div>\n\n\n\n<hr class=\"wp-block-separator has-alpha-channel-opacity is-style-dots\"\/>\n\n\n\n<div class=\"wp-block-columns is-layout-flex wp-container-core-columns-layout-5 wp-block-columns-is-layout-flex\">\n<div class=\"wp-block-column is-layout-flow wp-block-column-is-layout-flow\" style=\"flex-basis:33.33%\">\n<div class=\"wp-block-media-text is-stacked-on-mobile\" style=\"grid-template-columns:34% auto\"><figure class=\"wp-block-media-text__media\"><img loading=\"lazy\" decoding=\"async\" width=\"96\" height=\"96\" src=\"https:\/\/vollkontakt.digital\/wp-content\/uploads\/2023\/09\/Mut.png\" alt=\"Mut\" class=\"wp-image-140 size-full\"\/><\/figure><div class=\"wp-block-media-text__content\">\n<h3 class=\"wp-block-heading has-text-align-center\">Mut<\/h3>\n<\/div><\/div>\n<\/div>\n\n\n\n<div class=\"wp-block-column is-layout-flow wp-block-column-is-layout-flow\" style=\"flex-basis:66.66%\">\n<p>Ich kommunizieren bereits in der Projektanbahnung klar meine F\u00e4higkeiten und Erfahrungen, aber auch die ggfs. vorhandenen Wissensl\u00fccken.<\/p>\n\n\n\n<p>Ich spreche Probleme offen und direkt an und verstecke mich nicht hinter Beraterfloskeln.<\/p>\n<\/div>\n<\/div>\n\n\n\n<div style=\"height:50px\" aria-hidden=\"true\" class=\"wp-block-spacer\"><\/div>\n\n\n\n<p>Von meinen Kunden w\u00fcnsche ich mir den gleichen, respektvollen Umgang um gemeinsam die Kundenbeziehung auf stabile F\u00fc\u00dfe zu stellen.<\/p>\n","protected":false},"excerpt":{"rendered":"<p>Mit den Gesch\u00e4ftspartnern auf Augenh\u00f6he: Vollkontakt.Digital zielt auf langfristige, vertrauensvolle und stabile Kundenbeziehungen. Dies kann nur gelingen, wenn sich beide Seiten fair behandelt f\u00fchlen. Deshalb leben ich in meinen Projekten [&hellip;]<\/p>\n","protected":false},"author":1,"featured_media":0,"parent":0,"menu_order":0,"comment_status":"closed","ping_status":"closed","template":"","meta":{"footnotes":""},"_links":{"self":[{"href":"https:\/\/vollkontakt.digital\/index.php?rest_route=\/wp\/v2\/pages\/24"}],"collection":[{"href":"https:\/\/vollkontakt.digital\/index.php?rest_route=\/wp\/v2\/pages"}],"about":[{"href":"https:\/\/vollkontakt.digital\/index.php?rest_route=\/wp\/v2\/types\/page"}],"author":[{"embeddable":true,"href":"https:\/\/vollkontakt.digital\/index.php?rest_route=\/wp\/v2\/users\/1"}],"replies":[{"embeddable":true,"href":"https:\/\/vollkontakt.digital\/index.php?rest_route=%2Fwp%2Fv2%2Fcomments&post=24"}],"version-history":[{"count":10,"href":"https:\/\/vollkontakt.digital\/index.php?rest_route=\/wp\/v2\/pages\/24\/revisions"}],"predecessor-version":[{"id":164,"href":"https:\/\/vollkontakt.digital\/index.php?rest_route=\/wp\/v2\/pages\/24\/revisions\/164"}],"wp:attachment":[{"href":"https:\/\/vollkontakt.digital\/index.php?rest_route=%2Fwp%2Fv2%2Fmedia&parent=24"}],"curies":[{"name":"wp","href":"https:\/\/api.w.org\/{rel}","templated":true}]}}