{"id":108,"date":"2023-08-16T16:02:27","date_gmt":"2023-08-16T16:02:27","guid":{"rendered":"https:\/\/vollkontakt.digital\/?page_id=108"},"modified":"2023-09-19T08:44:47","modified_gmt":"2023-09-19T08:44:47","slug":"portfolio","status":"publish","type":"page","link":"https:\/\/vollkontakt.digital\/?page_id=108","title":{"rendered":"Portfolio"},"content":{"rendered":"\n<p> Bei Fragen zu meinem Portfolio freue ich mich \u00fcber deine Kontaktaufnahme.<\/p>\n\n\n\n<div class=\"wp-block-media-text is-stacked-on-mobile is-vertically-aligned-center\" style=\"grid-template-columns:15% auto\"><figure class=\"wp-block-media-text__media\"><img loading=\"lazy\" decoding=\"async\" width=\"390\" height=\"390\" src=\"https:\/\/vollkontakt.digital\/wp-content\/uploads\/2023\/09\/P_UX_kl-2.png\" alt=\"\" class=\"wp-image-190 size-full\" srcset=\"https:\/\/vollkontakt.digital\/wp-content\/uploads\/2023\/09\/P_UX_kl-2.png 390w, https:\/\/vollkontakt.digital\/wp-content\/uploads\/2023\/09\/P_UX_kl-2-300x300.png 300w, https:\/\/vollkontakt.digital\/wp-content\/uploads\/2023\/09\/P_UX_kl-2-150x150.png 150w\" sizes=\"(max-width: 390px) 100vw, 390px\" \/><\/figure><div class=\"wp-block-media-text__content\">\n<h2 class=\"wp-block-heading\">UX-Design \/ Requirements Engineering<\/h2>\n<\/div><\/div>\n\n\n\n<p>Den Anwender und andere Stakeholder verstehen, die Anforderungen strukturiert erheben und erfassen sowie zu managen \u2013 eine Herausforderung, mit der schon viele Projekte gek\u00e4mpft haben. Vollkontakt.Digital setzt hier einen transparenten Anforderungsprozess inkl. der m\u00f6glichen Toolchain auf und erhebt die Anforderungen  benutzerzentriert. Aus den Problemstellungen entwickle ich L\u00f6sungen, die den Anwender wirklich weiterhelfen und verprobe diese prototypisch.<\/p>\n\n\n\n<div class=\"wp-block-columns is-layout-flex wp-container-core-columns-layout-1 wp-block-columns-is-layout-flex\">\n<div class=\"wp-block-column is-layout-flow wp-block-column-is-layout-flow\">\n<div class=\"wp-block-group is-vertical is-layout-flex wp-container-core-group-layout-1 wp-block-group-is-layout-flex\">\n<h3 class=\"wp-block-heading\">Methoden &amp; Tools<\/h3>\n\n\n\n<ul>\n<li>Requirements-Engineering auf Basis IREP<\/li>\n\n\n\n<li>L\u00f6sungsdesign auf Basis von CPUX<\/li>\n\n\n\n<li>Prozessanalyse, -modellierung und -optimierung <br>auf Basis von BPMN 2.0<\/li>\n\n\n\n<li>Modellierung (fachlicher) Datenmodelle und Informationsarchitekturen<\/li>\n\n\n\n<li>Management und Dokumentation der Anforderungen &amp; L\u00f6sungskonzepte, z. B. in der Atlassian-Toolchain (JIRA \/ Confluence)<\/li>\n\n\n\n<li>Requirements-Reporting (JIRA)<\/li>\n<\/ul>\n<\/div>\n<\/div>\n\n\n\n<div class=\"wp-block-column is-layout-flow wp-block-column-is-layout-flow\">\n<div class=\"wp-block-group is-vertical is-layout-flex wp-container-core-group-layout-2 wp-block-group-is-layout-flex\">\n<h3 class=\"wp-block-heading\">Beispielhafte Ergebnisse<\/h3>\n\n\n\n<ul>\n<li>Priorisiertes Backlog mit Userstories<\/li>\n\n\n\n<li>UserJourneys und -Maps<\/li>\n\n\n\n<li>Persona oder JobsToBeDone-Profile<\/li>\n\n\n\n<li>Fachkonzepte<\/li>\n\n\n\n<li>Prozessmodellierungen (BPMN + SIPOC)<\/li>\n\n\n\n<li>Wireframes &amp; LowFi-Prototypen<\/li>\n\n\n\n<li>UML-Modellierungen<\/li>\n\n\n\n<li>ER-Datenmodelle<\/li>\n\n\n\n<li>Automatisiertes Reporting<\/li>\n<\/ul>\n<\/div>\n<\/div>\n<\/div>\n\n\n\n<hr class=\"wp-block-separator has-alpha-channel-opacity is-style-dots\"\/>\n\n\n\n<div class=\"wp-block-media-text is-stacked-on-mobile\" style=\"grid-template-columns:15% auto\"><figure class=\"wp-block-media-text__media\"><img loading=\"lazy\" decoding=\"async\" width=\"390\" height=\"390\" src=\"https:\/\/vollkontakt.digital\/wp-content\/uploads\/2023\/09\/P_Vision_kl.png\" alt=\"\" class=\"wp-image-191 size-full\" srcset=\"https:\/\/vollkontakt.digital\/wp-content\/uploads\/2023\/09\/P_Vision_kl.png 390w, https:\/\/vollkontakt.digital\/wp-content\/uploads\/2023\/09\/P_Vision_kl-300x300.png 300w, https:\/\/vollkontakt.digital\/wp-content\/uploads\/2023\/09\/P_Vision_kl-150x150.png 150w\" sizes=\"(max-width: 390px) 100vw, 390px\" \/><\/figure><div class=\"wp-block-media-text__content\">\n<h2 class=\"wp-block-heading\">Exploration \/ Visionsbildung<\/h2>\n<\/div><\/div>\n\n\n\n<p>Die Gestaltung und Evaluierung einer Produktvision gestalteten sich h\u00e4ufig schwierig. Mit einem strukturierten Vorgehen arbeitet Vollkontakt.Digital mit euch gemeinsam das Zielbild f\u00fcr euer Vorhaben heraus.<\/p>\n\n\n\n<div class=\"wp-block-columns is-layout-flex wp-container-core-columns-layout-2 wp-block-columns-is-layout-flex\">\n<div class=\"wp-block-column is-layout-flow wp-block-column-is-layout-flow\">\n<div class=\"wp-block-group is-vertical is-layout-flex wp-container-core-group-layout-3 wp-block-group-is-layout-flex\">\n<h3 class=\"wp-block-heading\">Methoden &amp; Tools<\/h3>\n\n\n\n<ul>\n<li>Design Thinking<\/li>\n\n\n\n<li>Product Vision Workshops<\/li>\n<\/ul>\n<\/div>\n<\/div>\n\n\n\n<div class=\"wp-block-column is-layout-flow wp-block-column-is-layout-flow\">\n<div class=\"wp-block-group is-vertical is-layout-flex wp-container-core-group-layout-4 wp-block-group-is-layout-flex\">\n<h3 class=\"wp-block-heading\">Beispielhafte Ergebnisse<\/h3>\n\n\n\n<ul>\n<li>Vision und Mission f\u00fcr Ihr Vorhaben<ul><li>Product Vision Board<\/li><\/ul>\n<ul>\n<li>Lean UX Canvas<\/li>\n<\/ul>\n<\/li>\n\n\n\n<li>Zielgruppendefinitionen und zugeh\u00f6rige Persona<\/li>\n\n\n\n<li>Erste Customer- oder User-Journeys<\/li>\n\n\n\n<li>Interaktive Prototypen zur Visionsevaluierung<\/li>\n<\/ul>\n<\/div>\n<\/div>\n<\/div>\n\n\n\n<hr class=\"wp-block-separator has-alpha-channel-opacity is-style-dots\"\/>\n\n\n\n<div class=\"wp-block-media-text is-stacked-on-mobile\" style=\"grid-template-columns:15% auto\"><figure class=\"wp-block-media-text__media\"><img loading=\"lazy\" decoding=\"async\" width=\"389\" height=\"390\" src=\"https:\/\/vollkontakt.digital\/wp-content\/uploads\/2023\/09\/P_Agile_kl.png\" alt=\"\" class=\"wp-image-192 size-full\" srcset=\"https:\/\/vollkontakt.digital\/wp-content\/uploads\/2023\/09\/P_Agile_kl.png 389w, https:\/\/vollkontakt.digital\/wp-content\/uploads\/2023\/09\/P_Agile_kl-300x300.png 300w, https:\/\/vollkontakt.digital\/wp-content\/uploads\/2023\/09\/P_Agile_kl-150x150.png 150w\" sizes=\"(max-width: 389px) 100vw, 389px\" \/><\/figure><div class=\"wp-block-media-text__content\">\n<h2 class=\"wp-block-heading\">Agile Coaching<\/h2>\n<\/div><\/div>\n\n\n\n<p>Agile Methoden sind inzwischen das defakto Standardvorgehen in der (IT-)Industrie. Gerne helfe ich in der Etablierung eines agilen Mindsets in eurem Team oder unterst\u00fctzen euch operativ durch die \u00dcbernahme entsprechender Rollen.<\/p>\n\n\n\n<div class=\"wp-block-columns is-layout-flex wp-container-core-columns-layout-3 wp-block-columns-is-layout-flex\">\n<div class=\"wp-block-column is-layout-flow wp-block-column-is-layout-flow\">\n<div class=\"wp-block-group is-vertical is-layout-flex wp-container-core-group-layout-5 wp-block-group-is-layout-flex\">\n<h3 class=\"wp-block-heading\">Methoden &amp; Tools<\/h3>\n\n\n\n<ul>\n<li>Kanban<\/li>\n\n\n\n<li>Scrum<\/li>\n\n\n\n<li>Skalierungsmethoden<br>(SAFe, NEXUS, LeSS)<\/li>\n<\/ul>\n<\/div>\n<\/div>\n\n\n\n<div class=\"wp-block-column is-layout-flow wp-block-column-is-layout-flow\">\n<div class=\"wp-block-group is-vertical is-layout-flex wp-container-core-group-layout-6 wp-block-group-is-layout-flex\">\n<h3 class=\"wp-block-heading\">Beispielhafte Ergebnisse<\/h3>\n\n\n\n<ul>\n<li>Gestaltung der agilen Vision<\/li>\n\n\n\n<li>Vermittlung agiler Methoden<\/li>\n\n\n\n<li>\u00dcbernahme der Rolle als Product-Owner, Scrum-Master oder Agile Coach<\/li>\n<\/ul>\n<\/div>\n<\/div>\n<\/div>\n\n\n\n<hr class=\"wp-block-separator has-alpha-channel-opacity is-style-dots\"\/>\n\n\n\n<div class=\"wp-block-media-text is-stacked-on-mobile\" style=\"grid-template-columns:15% auto\"><figure class=\"wp-block-media-text__media\"><img loading=\"lazy\" decoding=\"async\" width=\"390\" height=\"390\" src=\"https:\/\/vollkontakt.digital\/wp-content\/uploads\/2023\/09\/P_PM_kl.png\" alt=\"\" class=\"wp-image-193 size-full\" srcset=\"https:\/\/vollkontakt.digital\/wp-content\/uploads\/2023\/09\/P_PM_kl.png 390w, https:\/\/vollkontakt.digital\/wp-content\/uploads\/2023\/09\/P_PM_kl-300x300.png 300w, https:\/\/vollkontakt.digital\/wp-content\/uploads\/2023\/09\/P_PM_kl-150x150.png 150w\" sizes=\"(max-width: 390px) 100vw, 390px\" \/><\/figure><div class=\"wp-block-media-text__content\">\n<h2 class=\"wp-block-heading\">Projektmanagement und Projekt-Turnaround<\/h2>\n<\/div><\/div>\n\n\n\n<p>Die systematische Planung und Steuerung eines (SW-) Projektes ist \u2013 gerade im internationalen Umfeld mit Near- oder Farshoring \u2013 ein zentraler Erfolgsfaktor. Vollkontakt.Digital schaffen hier Transparenz sowie  ein nachvollziehbares Vorgehen und Reporting.<\/p>\n\n\n\n<p>Im Rahmen eines Projekt-Turnarounds ist das Vorgehen individuell zu gestalten &#8211; \u00fcblicherweise starten wir mit einer Standort-Bestimmung mit anschlie\u00dfenden Problemanalyse und L\u00f6sungsfindungsworkshop auf Basis von Kreativmethoden.<\/p>\n\n\n\n<div class=\"wp-block-columns is-layout-flex wp-container-core-columns-layout-4 wp-block-columns-is-layout-flex\">\n<div class=\"wp-block-column is-layout-flow wp-block-column-is-layout-flow\">\n<div class=\"wp-block-group is-vertical is-layout-flex wp-container-core-group-layout-7 wp-block-group-is-layout-flex\">\n<h3 class=\"wp-block-heading\">Methoden &amp; Tools<\/h3>\n\n\n\n<ul>\n<li>Projektmanagement nach IPMA<\/li>\n\n\n\n<li>Management von Near- &amp; Offshore-Teams<\/li>\n\n\n\n<li>Risikomanagement<\/li>\n\n\n\n<li>Stakeholdermanagement<\/li>\n\n\n\n<li>Kreativmethoden<\/li>\n<\/ul>\n<\/div>\n<\/div>\n\n\n\n<div class=\"wp-block-column is-layout-flow wp-block-column-is-layout-flow\">\n<div class=\"wp-block-group is-vertical is-layout-flex wp-container-core-group-layout-8 wp-block-group-is-layout-flex\">\n<h3 class=\"wp-block-heading\">Beispielhafte Ergebnisse<\/h3>\n\n\n\n<ul>\n<li>Projektorganisation<\/li>\n\n\n\n<li>Projektpl\u00e4ne<\/li>\n\n\n\n<li>Kommunikationskonzepte inkl. Projektmarketing<\/li>\n\n\n\n<li>Fortschrittsreporting<\/li>\n\n\n\n<li>Standortbestimmung<\/li>\n\n\n\n<li>Problemanalyse<\/li>\n\n\n\n<li>Gestaltung L\u00f6sungsraum<\/li>\n<\/ul>\n<\/div>\n<\/div>\n<\/div>\n","protected":false},"excerpt":{"rendered":"<p>Bei Fragen zu meinem Portfolio freue ich mich \u00fcber deine Kontaktaufnahme. UX-Design \/ Requirements Engineering Den Anwender und andere Stakeholder verstehen, die Anforderungen strukturiert erheben und erfassen sowie zu managen [&hellip;]<\/p>\n","protected":false},"author":1,"featured_media":0,"parent":0,"menu_order":0,"comment_status":"closed","ping_status":"closed","template":"","meta":{"footnotes":""},"_links":{"self":[{"href":"https:\/\/vollkontakt.digital\/index.php?rest_route=\/wp\/v2\/pages\/108"}],"collection":[{"href":"https:\/\/vollkontakt.digital\/index.php?rest_route=\/wp\/v2\/pages"}],"about":[{"href":"https:\/\/vollkontakt.digital\/index.php?rest_route=\/wp\/v2\/types\/page"}],"author":[{"embeddable":true,"href":"https:\/\/vollkontakt.digital\/index.php?rest_route=\/wp\/v2\/users\/1"}],"replies":[{"embeddable":true,"href":"https:\/\/vollkontakt.digital\/index.php?rest_route=%2Fwp%2Fv2%2Fcomments&post=108"}],"version-history":[{"count":17,"href":"https:\/\/vollkontakt.digital\/index.php?rest_route=\/wp\/v2\/pages\/108\/revisions"}],"predecessor-version":[{"id":236,"href":"https:\/\/vollkontakt.digital\/index.php?rest_route=\/wp\/v2\/pages\/108\/revisions\/236"}],"wp:attachment":[{"href":"https:\/\/vollkontakt.digital\/index.php?rest_route=%2Fwp%2Fv2%2Fmedia&parent=108"}],"curies":[{"name":"wp","href":"https:\/\/api.w.org\/{rel}","templated":true}]}}